{"id":97,"date":"2020-01-20T08:36:58","date_gmt":"2020-01-20T08:36:58","guid":{"rendered":"http:\/\/schoolgids.piterjelles.nl\/leeuwarder-lyceum\/?page_id=97"},"modified":"2020-11-27T14:21:13","modified_gmt":"2020-11-27T14:21:13","slug":"jet-net-school","status":"publish","type":"page","link":"https:\/\/schoolgids.piterjelles.nl\/leeuwarder-lyceum\/leeuwarder-lyceum-2\/jet-net-school\/","title":{"rendered":"Jet-Net school"},"content":{"rendered":"\n<p>Het Leeuwarder Lyceum is vanaf de start in 2002 een Jet-Net school. Jet-Net, het Jongeren en Technologie Netwerk Nederland, is een samenwerking tussen bedrijven, onderwijs en overheid. Doel is havo\/vwo-leerlingen een re\u00ebel beeld te geven van b\u00e8ta en technologie en hen te interesseren voor een b\u00e8tatechnische vervolgopleiding.<\/p>\n\n\n\n<h2 class=\"wp-block-heading\">Uitdagende activiteiten<\/h2>\n\n\n\n<p>Aan Jet-Net zijn ruim 100 bedrijven en 180 scholen verbonden. Binnen Jet-Net zetten bedrijven samen met havo\/vwo-scholen uitdagende activiteiten op die aansluiten bij de b\u00e8tavakken. Hiermee wil Jet-Net de keuze van scholieren voor b\u00e8ta en techniek in positieve zin be\u00efnvloeden. De activiteiten zijn enerzijds gericht op het verrijken van de lesstof met concrete praktijkvoorbeelden en anderzijds op het zichtbaar maken van de toekomstperspectieven. Voor meer informatie kijk op de <a href=\"http:\/\/www.jet-net.nl\/\" target=\"_blank\" rel=\"noreferrer noopener\">website van Jet-Net<\/a>.<\/p>\n\n\n\n<p>Daarnaast worden leerlingen vanuit de exacte vakken gestimuleerd om mee te doen aan diverse activiteiten zoals:<\/p>\n\n\n\n<ul class=\"wp-block-list\"><li>Een\u00a0honneursprogramma voor scholieren bij\u00a0Wetsus;<\/li><li>deelname aan de\u00a0JRTu van Delft;<\/li><li>diverse masterclasses van de Hanze;<\/li><li>activiteiten van de scholieren academie van de RUG.<\/li><\/ul>\n","protected":false},"excerpt":{"rendered":"<p>Het Leeuwarder Lyceum is vanaf de start in 2002 een Jet-Net school. Jet-Net, het Jongeren en Technologie Netwerk Nederland, is een samenwerking tussen bedrijven, onderwijs en overheid. Doel is havo\/vwo-leerlingen een re\u00ebel beeld te geven van b\u00e8ta en technologie en hen te interesseren voor een b\u00e8tatechnische vervolgopleiding. Uitdagende activiteiten Aan Jet-Net zijn ruim 100 bedrijven [&hellip;]<\/p>\n","protected":false},"author":4,"featured_media":0,"parent":84,"menu_order":0,"comment_status":"closed","ping_status":"closed","template":"","meta":{"_acf_changed":false,"footnotes":""},"class_list":["post-97","page","type-page","status-publish","hentry"],"acf":[],"yoast_head":"<!-- This site is optimized with the Yoast SEO plugin v27.2 - https:\/\/yoast.com\/product\/yoast-seo-wordpress\/ -->\n<title>Jet-Net school - Leeuwarder Lyceum<\/title>\n<meta name=\"robots\" content=\"index, follow, max-snippet:-1, max-image-preview:large, max-video-preview:-1\" \/>\n<link rel=\"canonical\" href=\"https:\/\/schoolgids.piterjelles.nl\/leeuwarder-lyceum\/leeuwarder-lyceum-2\/jet-net-school\/\" \/>\n<meta property=\"og:locale\" content=\"nl_NL\" \/>\n<meta property=\"og:type\" content=\"article\" \/>\n<meta property=\"og:title\" content=\"Jet-Net school - Leeuwarder Lyceum\" \/>\n<meta property=\"og:description\" content=\"Het Leeuwarder Lyceum is vanaf de start in 2002 een Jet-Net school. Jet-Net, het Jongeren en Technologie Netwerk Nederland, is een samenwerking tussen bedrijven, onderwijs en overheid. Doel is havo\/vwo-leerlingen een re\u00ebel beeld te geven van b\u00e8ta en technologie en hen te interesseren voor een b\u00e8tatechnische vervolgopleiding. Uitdagende activiteiten Aan Jet-Net zijn ruim 100 bedrijven [&hellip;]\" \/>\n<meta property=\"og:url\" content=\"https:\/\/schoolgids.piterjelles.nl\/leeuwarder-lyceum\/leeuwarder-lyceum-2\/jet-net-school\/\" \/>\n<meta property=\"og:site_name\" content=\"Leeuwarder Lyceum\" \/>\n<meta property=\"article:modified_time\" content=\"2020-11-27T14:21:13+00:00\" \/>\n<meta name=\"twitter:card\" content=\"summary_large_image\" \/>\n<meta name=\"twitter:label1\" content=\"Geschatte leestijd\" \/>\n\t<meta name=\"twitter:data1\" content=\"1 minuut\" \/>\n<script type=\"application\/ld+json\" class=\"yoast-schema-graph\">{\"@context\":\"https:\/\/schema.org\",\"@graph\":[{\"@type\":\"WebPage\",\"@id\":\"https:\/\/schoolgids.piterjelles.nl\/leeuwarder-lyceum\/leeuwarder-lyceum-2\/jet-net-school\/\",\"url\":\"https:\/\/schoolgids.piterjelles.nl\/leeuwarder-lyceum\/leeuwarder-lyceum-2\/jet-net-school\/\",\"name\":\"Jet-Net school - Leeuwarder Lyceum\",\"isPartOf\":{\"@id\":\"https:\/\/schoolgids.piterjelles.nl\/leeuwarder-lyceum\/#website\"},\"datePublished\":\"2020-01-20T08:36:58+00:00\",\"dateModified\":\"2020-11-27T14:21:13+00:00\",\"breadcrumb\":{\"@id\":\"https:\/\/schoolgids.piterjelles.nl\/leeuwarder-lyceum\/leeuwarder-lyceum-2\/jet-net-school\/#breadcrumb\"},\"inLanguage\":\"nl-NL\",\"potentialAction\":[{\"@type\":\"ReadAction\",\"target\":[\"https:\/\/schoolgids.piterjelles.nl\/leeuwarder-lyceum\/leeuwarder-lyceum-2\/jet-net-school\/\"]}]},{\"@type\":\"BreadcrumbList\",\"@id\":\"https:\/\/schoolgids.piterjelles.nl\/leeuwarder-lyceum\/leeuwarder-lyceum-2\/jet-net-school\/#breadcrumb\",\"itemListElement\":[{\"@type\":\"ListItem\",\"position\":1,\"name\":\"Home\",\"item\":\"https:\/\/schoolgids.piterjelles.nl\/leeuwarder-lyceum\/\"},{\"@type\":\"ListItem\",\"position\":2,\"name\":\"Leeuwarder Lyceum\",\"item\":\"https:\/\/schoolgids.piterjelles.nl\/leeuwarder-lyceum\/leeuwarder-lyceum-2\/\"},{\"@type\":\"ListItem\",\"position\":3,\"name\":\"Jet-Net school\"}]},{\"@type\":\"WebSite\",\"@id\":\"https:\/\/schoolgids.piterjelles.nl\/leeuwarder-lyceum\/#website\",\"url\":\"https:\/\/schoolgids.piterjelles.nl\/leeuwarder-lyceum\/\",\"name\":\"Leeuwarder Lyceum\",\"description\":\"\",\"potentialAction\":[{\"@type\":\"SearchAction\",\"target\":{\"@type\":\"EntryPoint\",\"urlTemplate\":\"https:\/\/schoolgids.piterjelles.nl\/leeuwarder-lyceum\/?s={search_term_string}\"},\"query-input\":{\"@type\":\"PropertyValueSpecification\",\"valueRequired\":true,\"valueName\":\"search_term_string\"}}],\"inLanguage\":\"nl-NL\"}]}<\/script>\n<!-- \/ Yoast SEO plugin. -->","yoast_head_json":{"title":"Jet-Net school - Leeuwarder Lyceum","robots":{"index":"index","follow":"follow","max-snippet":"max-snippet:-1","max-image-preview":"max-image-preview:large","max-video-preview":"max-video-preview:-1"},"canonical":"https:\/\/schoolgids.piterjelles.nl\/leeuwarder-lyceum\/leeuwarder-lyceum-2\/jet-net-school\/","og_locale":"nl_NL","og_type":"article","og_title":"Jet-Net school - Leeuwarder Lyceum","og_description":"Het Leeuwarder Lyceum is vanaf de start in 2002 een Jet-Net school. Jet-Net, het Jongeren en Technologie Netwerk Nederland, is een samenwerking tussen bedrijven, onderwijs en overheid. Doel is havo\/vwo-leerlingen een re\u00ebel beeld te geven van b\u00e8ta en technologie en hen te interesseren voor een b\u00e8tatechnische vervolgopleiding. Uitdagende activiteiten Aan Jet-Net zijn ruim 100 bedrijven [&hellip;]","og_url":"https:\/\/schoolgids.piterjelles.nl\/leeuwarder-lyceum\/leeuwarder-lyceum-2\/jet-net-school\/","og_site_name":"Leeuwarder Lyceum","article_modified_time":"2020-11-27T14:21:13+00:00","twitter_card":"summary_large_image","twitter_misc":{"Geschatte leestijd":"1 minuut"},"schema":{"@context":"https:\/\/schema.org","@graph":[{"@type":"WebPage","@id":"https:\/\/schoolgids.piterjelles.nl\/leeuwarder-lyceum\/leeuwarder-lyceum-2\/jet-net-school\/","url":"https:\/\/schoolgids.piterjelles.nl\/leeuwarder-lyceum\/leeuwarder-lyceum-2\/jet-net-school\/","name":"Jet-Net school - Leeuwarder Lyceum","isPartOf":{"@id":"https:\/\/schoolgids.piterjelles.nl\/leeuwarder-lyceum\/#website"},"datePublished":"2020-01-20T08:36:58+00:00","dateModified":"2020-11-27T14:21:13+00:00","breadcrumb":{"@id":"https:\/\/schoolgids.piterjelles.nl\/leeuwarder-lyceum\/leeuwarder-lyceum-2\/jet-net-school\/#breadcrumb"},"inLanguage":"nl-NL","potentialAction":[{"@type":"ReadAction","target":["https:\/\/schoolgids.piterjelles.nl\/leeuwarder-lyceum\/leeuwarder-lyceum-2\/jet-net-school\/"]}]},{"@type":"BreadcrumbList","@id":"https:\/\/schoolgids.piterjelles.nl\/leeuwarder-lyceum\/leeuwarder-lyceum-2\/jet-net-school\/#breadcrumb","itemListElement":[{"@type":"ListItem","position":1,"name":"Home","item":"https:\/\/schoolgids.piterjelles.nl\/leeuwarder-lyceum\/"},{"@type":"ListItem","position":2,"name":"Leeuwarder Lyceum","item":"https:\/\/schoolgids.piterjelles.nl\/leeuwarder-lyceum\/leeuwarder-lyceum-2\/"},{"@type":"ListItem","position":3,"name":"Jet-Net school"}]},{"@type":"WebSite","@id":"https:\/\/schoolgids.piterjelles.nl\/leeuwarder-lyceum\/#website","url":"https:\/\/schoolgids.piterjelles.nl\/leeuwarder-lyceum\/","name":"Leeuwarder Lyceum","description":"","potentialAction":[{"@type":"SearchAction","target":{"@type":"EntryPoint","urlTemplate":"https:\/\/schoolgids.piterjelles.nl\/leeuwarder-lyceum\/?s={search_term_string}"},"query-input":{"@type":"PropertyValueSpecification","valueRequired":true,"valueName":"search_term_string"}}],"inLanguage":"nl-NL"}]}},"_links":{"self":[{"href":"https:\/\/schoolgids.piterjelles.nl\/leeuwarder-lyceum\/wp-json\/wp\/v2\/pages\/97","targetHints":{"allow":["GET"]}}],"collection":[{"href":"https:\/\/schoolgids.piterjelles.nl\/leeuwarder-lyceum\/wp-json\/wp\/v2\/pages"}],"about":[{"href":"https:\/\/schoolgids.piterjelles.nl\/leeuwarder-lyceum\/wp-json\/wp\/v2\/types\/page"}],"author":[{"embeddable":true,"href":"https:\/\/schoolgids.piterjelles.nl\/leeuwarder-lyceum\/wp-json\/wp\/v2\/users\/4"}],"replies":[{"embeddable":true,"href":"https:\/\/schoolgids.piterjelles.nl\/leeuwarder-lyceum\/wp-json\/wp\/v2\/comments?post=97"}],"version-history":[{"count":3,"href":"https:\/\/schoolgids.piterjelles.nl\/leeuwarder-lyceum\/wp-json\/wp\/v2\/pages\/97\/revisions"}],"predecessor-version":[{"id":236,"href":"https:\/\/schoolgids.piterjelles.nl\/leeuwarder-lyceum\/wp-json\/wp\/v2\/pages\/97\/revisions\/236"}],"up":[{"embeddable":true,"href":"https:\/\/schoolgids.piterjelles.nl\/leeuwarder-lyceum\/wp-json\/wp\/v2\/pages\/84"}],"wp:attachment":[{"href":"https:\/\/schoolgids.piterjelles.nl\/leeuwarder-lyceum\/wp-json\/wp\/v2\/media?parent=97"}],"curies":[{"name":"wp","href":"https:\/\/api.w.org\/{rel}","templated":true}]}}